{"id":944,"date":"2023-01-19T11:03:59","date_gmt":"2023-01-19T11:03:59","guid":{"rendered":"https:\/\/kirschniok.com\/?page_id=944"},"modified":"2024-08-11T14:44:39","modified_gmt":"2024-08-11T14:44:39","slug":"nabhani-leoto-schreibt-tagebuch","status":"publish","type":"page","link":"https:\/\/kirschniok.com\/?page_id=944","title":{"rendered":"Nabhani hat Tagebuch geschrieben!"},"content":{"rendered":"\n<div style=\"height:50px\" aria-hidden=\"true\" class=\"wp-block-spacer\"><\/div>\n\n\n\n<p>Die Tageb\u00fccher mit seinen Erlebnissen und Abenteuern k\u00f6nnen jetzt \u00fcber den Buchhandel bestellt<\/p>\n\n\n\n<p>werden.<\/p>\n\n\n\n<p><\/p>\n\n\n\n<div style=\"height:23px\" aria-hidden=\"true\" class=\"wp-block-spacer\"><\/div>\n\n\n\n<p style=\"font-size:30px\">Teil I: Nabhani Leoto schreibt Tagebuch, Januar \u2013 Juni<\/p>\n\n\n\n<div data-wp-interactive=\"core\/file\" class=\"wp-block-file\"><object data-wp-bind--hidden=\"!state.hasPdfPreview\"  class=\"wp-block-file__embed\" data=\"https:\/\/kirschniok.com\/wp-content\/uploads\/2024\/05\/Leseprobe_mit_angepassten_Cover.pdf\" type=\"application\/pdf\" style=\"width:100%;height:600px\" aria-label=\"Einbettung von Leseprobe_Band_1.\"><\/object><a id=\"wp-block-file--media-13457433-8578-4b7a-a04c-bb1c5f4fc21c\" href=\"https:\/\/kirschniok.com\/wp-content\/uploads\/2024\/05\/Leseprobe_mit_angepassten_Cover.pdf\">Leseprobe_Band_1<\/a><a href=\"https:\/\/kirschniok.com\/wp-content\/uploads\/2024\/05\/Leseprobe_mit_angepassten_Cover.pdf\" class=\"wp-block-file__button wp-element-button\" download aria-describedby=\"wp-block-file--media-13457433-8578-4b7a-a04c-bb1c5f4fc21c\">Herunterladen<\/a><\/div>\n\n\n\n<div style=\"height:15px\" aria-hidden=\"true\" class=\"wp-block-spacer\"><\/div>\n\n\n\n<div style=\"height:21px\" aria-hidden=\"true\" class=\"wp-block-spacer\"><\/div>\n\n\n\n<p style=\"font-size:30px\">Teil II: Nabhani Leoto schreibt Tagebuch, Juli -Dezember<\/p>\n\n\n\n<div data-wp-interactive=\"core\/file\" class=\"wp-block-file\"><object data-wp-bind--hidden=\"!state.hasPdfPreview\"  class=\"wp-block-file__embed\" data=\"https:\/\/kirschniok.com\/wp-content\/uploads\/2024\/08\/Leseprobe_Band_2-1.pdf\" type=\"application\/pdf\" style=\"width:100%;height:600px\" aria-label=\"Einbettung von Leseprobe_Band_2.\"><\/object><a id=\"wp-block-file--media-9ae21950-f788-4a5e-8aab-c9de13b2ce0d\" href=\"https:\/\/kirschniok.com\/wp-content\/uploads\/2024\/08\/Leseprobe_Band_2-1.pdf\">Leseprobe_Band_2<\/a><a href=\"https:\/\/kirschniok.com\/wp-content\/uploads\/2024\/08\/Leseprobe_Band_2-1.pdf\" class=\"wp-block-file__button wp-element-button\" download aria-describedby=\"wp-block-file--media-9ae21950-f788-4a5e-8aab-c9de13b2ce0d\">Herunterladen<\/a><\/div>\n","protected":false},"excerpt":{"rendered":"<p>Die Tageb\u00fccher mit seinen Erlebnissen und Abenteuern k\u00f6nnen jetzt \u00fcber den Buchhandel bestellt werden. Teil I: Nabhani Leoto schreibt Tagebuch, Januar \u2013 Juni Teil II: Nabhani Leoto schreibt Tagebuch, Juli -Dezember<\/p>\n","protected":false},"author":1,"featured_media":0,"parent":0,"menu_order":0,"comment_status":"closed","ping_status":"closed","template":"","meta":{"footnotes":""},"class_list":["post-944","page","type-page","status-publish","hentry"],"_links":{"self":[{"href":"https:\/\/kirschniok.com\/index.php?rest_route=\/wp\/v2\/pages\/944"}],"collection":[{"href":"https:\/\/kirschniok.com\/index.php?rest_route=\/wp\/v2\/pages"}],"about":[{"href":"https:\/\/kirschniok.com\/index.php?rest_route=\/wp\/v2\/types\/page"}],"author":[{"embeddable":true,"href":"https:\/\/kirschniok.com\/index.php?rest_route=\/wp\/v2\/users\/1"}],"replies":[{"embeddable":true,"href":"https:\/\/kirschniok.com\/index.php?rest_route=%2Fwp%2Fv2%2Fcomments&post=944"}],"version-history":[{"count":126,"href":"https:\/\/kirschniok.com\/index.php?rest_route=\/wp\/v2\/pages\/944\/revisions"}],"predecessor-version":[{"id":1337,"href":"https:\/\/kirschniok.com\/index.php?rest_route=\/wp\/v2\/pages\/944\/revisions\/1337"}],"wp:attachment":[{"href":"https:\/\/kirschniok.com\/index.php?rest_route=%2Fwp%2Fv2%2Fmedia&parent=944"}],"curies":[{"name":"wp","href":"https:\/\/api.w.org\/{rel}","templated":true}]}}